{"id":47,"date":"2022-12-11T11:33:56","date_gmt":"2022-12-11T10:33:56","guid":{"rendered":"http:\/\/129.152.21.86\/?page_id=47"},"modified":"2025-12-22T13:52:16","modified_gmt":"2025-12-22T12:52:16","slug":"temperatur-in-ratzersdorf-bei-st-polten","status":"publish","type":"page","link":"https:\/\/www.kleinladen.at\/?page_id=47","title":{"rendered":"Temperatur in Ratzersdorf bei St. P\u00f6lten"},"content":{"rendered":"\n<h2 class=\"wp-block-heading\">Temperatur in Ratzersdorf<\/h2>\n\n\n\n<p>Hier finden Sie ein aktuelles Bild auf die Vogelf\u00fctterstation und den Temperaturverlauf in St. P\u00f6lten &#8211; Ratzersdorf.<\/p>\n\n\n\n<p><strong>Danke an <a href=\"http:\/\/www.xtest.at\">x.test<\/a> f\u00fcr die freundliche Unterst\u00fctzung bei der Realisierung dieser Webpage \ud83d\ude42<\/strong><\/p>\n\n\n\n<p><strong>24h aktuell<\/strong><br><\/p>\n\n\n\n<figure class=\"wp-block-image size-large\"><img decoding=\"async\" src=\"https:\/\/www.xtest.at\/files\/bilder4wp\/24hrs_full_features.png\" alt=\"\"\/><\/figure>\n\n\n\n<p><br><strong>7 Tage<\/strong><\/p>\n\n\n\n<figure class=\"wp-block-image size-large\"><img decoding=\"async\" src=\"https:\/\/www.xtest.at\/files\/bilder4wp\/7days_full_features.png\" alt=\"\"\/><\/figure>\n\n\n\n<p><br><br><strong>7 Tage intern<\/strong><\/p>\n\n\n\n<figure class=\"wp-block-image size-large\"><img decoding=\"async\" src=\"https:\/\/www.xtest.at\/files\/bilder4wp\/7days_internal.png\" alt=\"\"\/><\/figure>\n\n\n\n<p><br><br><strong>1 Monat<\/strong><\/p>\n\n\n\n<figure class=\"wp-block-image size-large\"><img decoding=\"async\" src=\"https:\/\/www.xtest.at\/files\/bilder4wp\/1month_full_features.png\" alt=\"\"\/><\/figure>\n\n\n\n<p><br><br><strong>1 Jahr<\/strong><\/p>\n\n\n\n<figure class=\"wp-block-image size-large\"><img decoding=\"async\" src=\"https:\/\/www.xtest.at\/files\/bilder4wp\/1year_full_features.png\" alt=\"\"\/><\/figure>\n\n\n\n<p><br><\/p>\n\n\n\n<p><strong>Webcam auf die Vogerl<\/strong><br><a href=\"http:\/\/kaiserkogel.hopto.org:8071\"><\/a><\/p>\n\n\n\n<figure class=\"wp-block-image size-large is-resized\"><img decoding=\"async\" src=\"https:\/\/www.xtest.at\/files\/bilder4wp\/vogelhaus.jpg\" alt=\"\" style=\"width:849px;height:auto\"\/><\/figure>\n\n\n\n<p><strong>2026 \u00dcbersicht<\/strong><\/p>\n\n\n\n<figure class=\"wp-block-image size-large\"><img decoding=\"async\" src=\"https:\/\/www.xtest.at\/files\/bilder4wp\/2026.png\" alt=\"\"\/><\/figure>\n\n\n\n<p><strong>2025 \u00dcbersicht<\/strong><\/p>\n\n\n\n<figure class=\"wp-block-image size-large\"><img decoding=\"async\" src=\"https:\/\/www.xtest.at\/files\/bilder4wp\/2025.png\" alt=\"\"\/><\/figure>\n\n\n\n<p><strong>2024 \u00dcbersicht<\/strong><\/p>\n\n\n\n<figure class=\"wp-block-image size-large\"><img decoding=\"async\" src=\"https:\/\/www.xtest.at\/files\/bilder4wp\/2024.png\" alt=\"\"\/><\/figure>\n\n\n\n<p><strong>2023 \u00dcbersicht<\/strong><\/p>\n\n\n\n<figure class=\"wp-block-image size-large\"><img decoding=\"async\" src=\"https:\/\/www.xtest.at\/files\/bilder4wp\/2023.png\" alt=\"\"\/><\/figure>\n\n\n\n<p><strong>2022 \u00dcbersicht<\/strong><\/p>\n\n\n\n<figure class=\"wp-block-image size-large\"><img decoding=\"async\" src=\"https:\/\/www.xtest.at\/files\/bilder4wp\/2022.png\" alt=\"\"\/><\/figure>\n\n\n\n<p><strong>2021 \u00dcbersicht<br><\/strong><\/p>\n\n\n\n<figure class=\"wp-block-image size-large is-style-default\"><img decoding=\"async\" src=\"https:\/\/www.kleinladen.at\/bilder4wp\/2021.png\" alt=\"\"\/><\/figure>\n\n\n\n<p><strong>2020 \u00dcbersicht<\/strong><br><\/p>\n\n\n\n<figure class=\"wp-block-image size-large\"><img decoding=\"async\" src=\"https:\/\/www.kleinladen.at\/bilder4wp\/2020.png\" alt=\"\"\/><\/figure>\n\n\n\n<p><strong>2019 \u00dcbersicht<\/strong><br><\/p>\n\n\n\n<figure class=\"wp-block-image size-large\"><img decoding=\"async\" src=\"https:\/\/www.kleinladen.at\/bilder4wp\/2019.png\" alt=\"\"\/><\/figure>\n\n\n\n<p><strong>2018 \u00dcbersicht<\/strong><br><\/p>\n\n\n\n<figure class=\"wp-block-image size-large\"><img decoding=\"async\" src=\"https:\/\/www.kleinladen.at\/bilder4wp\/2018.png\" alt=\"\"\/><\/figure>\n\n\n\n<p><strong>2017 \u00dcbersicht<\/strong><br><\/p>\n\n\n\n<figure class=\"wp-block-image size-large\"><img decoding=\"async\" src=\"https:\/\/www.kleinladen.at\/bilder4wp\/2017.png\" alt=\"\"\/><\/figure>\n\n\n\n<p><strong>2016 \u00dcbersicht<\/strong><br><\/p>\n\n\n\n<figure class=\"wp-block-image size-large\"><img decoding=\"async\" src=\"https:\/\/www.kleinladen.at\/bilder4wp\/2016.png\" alt=\"\"\/><\/figure>\n\n\n\n<p><strong>2015 \u00dcbersicht<\/strong><br><\/p>\n\n\n\n<figure class=\"wp-block-image size-large\"><img decoding=\"async\" src=\"https:\/\/www.kleinladen.at\/bilder4wp\/2015.png\" alt=\"\"\/><\/figure>\n\n\n\n<p><strong>2014 \u00dcbersicht<\/strong><br><\/p>\n\n\n\n<figure class=\"wp-block-image size-large\"><img decoding=\"async\" src=\"https:\/\/www.kleinladen.at\/bilder4wp\/2014.png\" alt=\"\"\/><\/figure>\n\n\n\n<p><strong>2013 \u00dcbersicht<br><\/strong><\/p>\n\n\n\n<figure class=\"wp-block-image size-large\"><img decoding=\"async\" src=\"https:\/\/www.kleinladen.at\/bilder4wp\/2013.png\" alt=\"\"\/><\/figure>\n\n\n\n<p><strong>2012 \u00dcbersicht<br><\/strong><\/p>\n\n\n\n<figure class=\"wp-block-image size-large\"><img decoding=\"async\" src=\"https:\/\/www.kleinladen.at\/bilder4wp\/2012.png\" alt=\"\"\/><\/figure>\n\n\n\n<p><strong>2011 \u00dcbersicht<br><\/strong><\/p>\n\n\n\n<figure class=\"wp-block-image size-large\"><img decoding=\"async\" src=\"https:\/\/www.kleinladen.at\/bilder4wp\/2011.png\" alt=\"\"\/><\/figure>\n\n\n\n<p><strong>2010 \u00dcbersicht<br><\/strong><\/p>\n\n\n\n<figure class=\"wp-block-image size-large\"><img decoding=\"async\" src=\"https:\/\/www.kleinladen.at\/bilder4wp\/2010.png\" alt=\"\"\/><\/figure>\n\n\n\n<p><strong>Alle Jahre<br><\/strong><\/p>\n\n\n\n<figure class=\"wp-block-image size-large\"><img decoding=\"async\" src=\"https:\/\/www.xtest.at\/files\/bilder4wp\/all_years_temp.png\" alt=\"\"\/><\/figure>\n\n\n\n<p><strong>Min &#8211; Max Werte \u00fcber die Jahre<\/strong><\/p>\n\n\n\n<p>\n<iframe loading=\"lazy\" width=\"640\" height=\"400\" src=\"https:\/\/www.xtest.at\/files\/bilder4wp\/allmonths.html\"><\/iframe>\n<\/p>\n","protected":false},"excerpt":{"rendered":"<p>Temperatur in Ratzersdorf Hier finden Sie ein aktuelles Bild auf die Vogelf\u00fctterstation und den Temperaturverlauf in St. P\u00f6lten &#8211; Ratzersdorf. Danke an x.test f\u00fcr die freundliche Unterst\u00fctzung bei der Realisierung dieser Webpage \ud83d\ude42 24h aktuell 7 Tage 7 Tage intern 1 Monat 1 Jahr Webcam auf die Vogerl 2026 \u00dcbersicht 2025 \u00dcbersicht 2024 \u00dcbersicht 2023 &hellip; <a href=\"https:\/\/www.kleinladen.at\/?page_id=47\" class=\"more-link\">Continue reading <span class=\"screen-reader-text\">Temperatur in Ratzersdorf bei St. P\u00f6lten<\/span> <span class=\"meta-nav\">&rarr;<\/span><\/a><\/p>\n","protected":false},"author":1,"featured_media":0,"parent":0,"menu_order":0,"comment_status":"closed","ping_status":"closed","template":"","meta":{"footnotes":""},"class_list":["post-47","page","type-page","status-publish","hentry"],"_links":{"self":[{"href":"https:\/\/www.kleinladen.at\/index.php?rest_route=\/wp\/v2\/pages\/47","targetHints":{"allow":["GET"]}}],"collection":[{"href":"https:\/\/www.kleinladen.at\/index.php?rest_route=\/wp\/v2\/pages"}],"about":[{"href":"https:\/\/www.kleinladen.at\/index.php?rest_route=\/wp\/v2\/types\/page"}],"author":[{"embeddable":true,"href":"https:\/\/www.kleinladen.at\/index.php?rest_route=\/wp\/v2\/users\/1"}],"replies":[{"embeddable":true,"href":"https:\/\/www.kleinladen.at\/index.php?rest_route=%2Fwp%2Fv2%2Fcomments&post=47"}],"version-history":[{"count":12,"href":"https:\/\/www.kleinladen.at\/index.php?rest_route=\/wp\/v2\/pages\/47\/revisions"}],"predecessor-version":[{"id":109,"href":"https:\/\/www.kleinladen.at\/index.php?rest_route=\/wp\/v2\/pages\/47\/revisions\/109"}],"wp:attachment":[{"href":"https:\/\/www.kleinladen.at\/index.php?rest_route=%2Fwp%2Fv2%2Fmedia&parent=47"}],"curies":[{"name":"wp","href":"https:\/\/api.w.org\/{rel}","templated":true}]}}