{"id":40,"date":"2022-12-11T11:30:03","date_gmt":"2022-12-11T10:30:03","guid":{"rendered":"http:\/\/129.152.21.86\/?page_id=40"},"modified":"2023-02-08T11:15:10","modified_gmt":"2023-02-08T10:15:10","slug":"buro","status":"publish","type":"page","link":"https:\/\/www.kleinladen.at\/?page_id=40","title":{"rendered":"B\u00fcro"},"content":{"rendered":"\n<h2 class=\"wp-block-heading\">Temperatur, Feuchtigkeit und CO2-Pegel im Home Office<\/h2>\n\n\n\n<p>Update alle 10min! Werte bis 800 ppm sind noch in Ordnung, \u00fcber 1000 ppm wird es gef\u00e4hrlich.<br>Upated every 10min!<br>Values up to 800 ppm is ok, above 1000 ppm it becomes dangerous.<\/p>\n\n\n\n<p><strong>Danke an <a href=\"http:\/\/www.xtest.at\">x.test<\/a> f\u00fcr die freundliche Unterst\u00fctzung zur Realisierung des Messsystemes.<\/strong><\/p>\n\n\n\n<p><strong>Tagesverlauf \/ Daily values<\/strong><\/p>\n\n\n\n<figure class=\"wp-block-image size-large\"><img decoding=\"async\" src=\"https:\/\/www.xtest.at\/files\/bilder4wp\/co2_daily.png\" alt=\"\"\/><\/figure>\n\n\n\n<figure class=\"wp-block-image size-large\"><img decoding=\"async\" src=\"https:\/\/www.xtest.at\/files\/bilder4wp\/temp_daily.png\" alt=\"\"\/><\/figure>\n\n\n\n<figure class=\"wp-block-image size-large\"><img decoding=\"async\" src=\"https:\/\/www.xtest.at\/files\/bilder4wp\/hum_daily.png\" alt=\"\"\/><\/figure>\n\n\n\n<p><\/p>\n\n\n\n<p><strong>Wochenverlauf \/ Weekly values<\/strong><img decoding=\"async\" width=\"\" height=\"\" src=\"https:\/\/www.kleinladen.at\/kleinladen.at\/pywws\/temp_weekly.png\" alt=\"\"><\/p>\n\n\n\n<figure class=\"wp-block-image size-large\"><img decoding=\"async\" src=\"https:\/\/www.xtest.at\/files\/bilder4wp\/co2_weekly.png\" alt=\"\"\/><\/figure>\n\n\n\n<figure class=\"wp-block-image size-large\"><img decoding=\"async\" src=\"https:\/\/www.xtest.at\/files\/bilder4wp\/temp_weekly.png\" alt=\"\"\/><\/figure>\n\n\n\n<figure class=\"wp-block-image size-large\"><img decoding=\"async\" src=\"https:\/\/www.xtest.at\/files\/bilder4wp\/hum_weekly.png\" alt=\"\"\/><\/figure>\n\n\n\n<p><img decoding=\"async\" width=\"\" height=\"\" src=\"https:\/\/www.kleinladen.at\/kleinladen.at\/pywws\/co2_weekly.png\" alt=\"\"><img decoding=\"async\" width=\"\" height=\"\" src=\"https:\/\/www.kleinladen.at\/kleinladen.at\/pywws\/hum_weekly.png\" alt=\"\"><\/p>\n\n\n\n<p><strong>Monatsverlauf \/ Monthly values<\/strong><img decoding=\"async\" width=\"\" height=\"\" src=\"https:\/\/www.kleinladen.at\/kleinladen.at\/pywws\/temp_monthly.png\" alt=\"\"><\/p>\n\n\n\n<figure class=\"wp-block-image size-large\"><img decoding=\"async\" src=\"https:\/\/www.xtest.at\/files\/bilder4wp\/co2_monthly.png\" alt=\"\"\/><\/figure>\n\n\n\n<figure class=\"wp-block-image size-large\"><img decoding=\"async\" src=\"https:\/\/www.xtest.at\/files\/bilder4wp\/temp_monthly.png\" alt=\"\"\/><\/figure>\n\n\n\n<figure class=\"wp-block-image size-large\"><img decoding=\"async\" src=\"https:\/\/www.xtest.at\/files\/bilder4wp\/hum_monthly.png\" alt=\"\"\/><\/figure>\n\n\n\n<p><img decoding=\"async\" width=\"\" height=\"\" src=\"https:\/\/www.kleinladen.at\/kleinladen.at\/pywws\/co2_monthly.png\" alt=\"\"><img decoding=\"async\" width=\"\" height=\"\" src=\"https:\/\/www.kleinladen.at\/kleinladen.at\/pywws\/hum_monthly.png\" alt=\"\"><\/p>\n\n\n\n<p><strong>Jahresverlauf \/ Yearly values<\/strong><img decoding=\"async\" width=\"\" height=\"\" src=\"https:\/\/www.kleinladen.at\/kleinladen.at\/pywws\/temp_yearly.png\" alt=\"\"><\/p>\n\n\n\n<figure class=\"wp-block-image size-large\"><img decoding=\"async\" src=\"https:\/\/www.xtest.at\/files\/bilder4wp\/co2_yearly.png\" alt=\"\"\/><\/figure>\n\n\n\n<figure class=\"wp-block-image size-large\"><img decoding=\"async\" src=\"https:\/\/www.xtest.at\/files\/bilder4wp\/temp_yearly.png\" alt=\"\"\/><\/figure>\n\n\n\n<figure class=\"wp-block-image size-large\"><img decoding=\"async\" src=\"https:\/\/www.xtest.at\/files\/bilder4wp\/hum_yearly.png\" alt=\"\"\/><\/figure>\n\n\n\n<p><img decoding=\"async\" width=\"\" height=\"\" src=\"https:\/\/www.kleinladen.at\/kleinladen.at\/pywws\/co2_yearly.png\" alt=\"\"><img decoding=\"async\" width=\"\" height=\"\" src=\"https:\/\/www.kleinladen.at\/kleinladen.at\/pywws\/hum_yearly.png\" alt=\"\"><\/p>\n\n\n\n<p id=\"block-e15da9dc-5f3d-4206-9b36-090c5acc38cd\"><\/p>\n","protected":false},"excerpt":{"rendered":"<p>Temperatur, Feuchtigkeit und CO2-Pegel im Home Office Update alle 10min! Werte bis 800 ppm sind noch in Ordnung, \u00fcber 1000 ppm wird es gef\u00e4hrlich.Upated every 10min!Values up to 800 ppm is ok, above 1000 ppm it becomes dangerous. Danke an x.test f\u00fcr die freundliche Unterst\u00fctzung zur Realisierung des Messsystemes. Tagesverlauf \/ Daily values Wochenverlauf \/ &hellip; <a href=\"https:\/\/www.kleinladen.at\/?page_id=40\" class=\"more-link\">Continue reading <span class=\"screen-reader-text\">B\u00fcro<\/span> <span class=\"meta-nav\">&rarr;<\/span><\/a><\/p>\n","protected":false},"author":1,"featured_media":0,"parent":0,"menu_order":0,"comment_status":"closed","ping_status":"closed","template":"","meta":{"footnotes":""},"class_list":["post-40","page","type-page","status-publish","hentry"],"_links":{"self":[{"href":"https:\/\/www.kleinladen.at\/index.php?rest_route=\/wp\/v2\/pages\/40","targetHints":{"allow":["GET"]}}],"collection":[{"href":"https:\/\/www.kleinladen.at\/index.php?rest_route=\/wp\/v2\/pages"}],"about":[{"href":"https:\/\/www.kleinladen.at\/index.php?rest_route=\/wp\/v2\/types\/page"}],"author":[{"embeddable":true,"href":"https:\/\/www.kleinladen.at\/index.php?rest_route=\/wp\/v2\/users\/1"}],"replies":[{"embeddable":true,"href":"https:\/\/www.kleinladen.at\/index.php?rest_route=%2Fwp%2Fv2%2Fcomments&post=40"}],"version-history":[{"count":3,"href":"https:\/\/www.kleinladen.at\/index.php?rest_route=\/wp\/v2\/pages\/40\/revisions"}],"predecessor-version":[{"id":82,"href":"https:\/\/www.kleinladen.at\/index.php?rest_route=\/wp\/v2\/pages\/40\/revisions\/82"}],"wp:attachment":[{"href":"https:\/\/www.kleinladen.at\/index.php?rest_route=%2Fwp%2Fv2%2Fmedia&parent=40"}],"curies":[{"name":"wp","href":"https:\/\/api.w.org\/{rel}","templated":true}]}}