{"id":3,"date":"2022-12-10T11:35:53","date_gmt":"2022-12-10T11:35:53","guid":{"rendered":"http:\/\/129.152.21.86\/?page_id=3"},"modified":"2022-12-11T11:31:48","modified_gmt":"2022-12-11T10:31:48","slug":"privacy-policy","status":"publish","type":"page","link":"https:\/\/www.kleinladen.at\/?page_id=3","title":{"rendered":"Impressum \/ Privacy Policy"},"content":{"rendered":"\n<p><strong>F\u00fcr diese Website verantwortlicher Herausgeber:<\/strong><br>Christian Bauer<\/p>\n\n\n\n<p><strong>Meine Kontaktdaten<\/strong><br>T r a i s e n s t r a \u00df e\u00a0 30<br>3 1 0 0 St. P \u00f6 l t e n<br>\u00d6sterreich<\/p>\n\n\n\n<p>Telefon: +43 676 889 766 733<br>E-Mail:\u00a0 christian.bauer@a1.nt<br>Internet:\u00a0www.kleinladen.at<\/p>\n\n\n\n<p><strong>Bildernachweis:<\/strong><br>www.pixabay.com<\/p>\n\n\n\n<p><strong>Webdesign \/ Entwicklung:<\/strong><br>Christian Bauer<\/p>\n\n\n\n<p><strong>Datenschutzerkl\u00e4rung (Nur bei Verwendung von Google Analytics Pflicht)<\/strong><br>Diese Website benutzt Google Analytics, einen Webanalysedienst der Google Inc. (\u201eGoogle&#8221;). Google Analytics verwendet sog. \u201e<a href=\"https:\/\/www.ithelps.at\/408-cookie\">Cookies<\/a>&#8220;, Textdateien, die auf Ihrem Computer gespeichert werden und die eine Analyse der Benutzung der Website durch Sie erm\u00f6glichen. Die durch den Cookie erzeugten Informationen \u00fcber Ihre Benutzung dieser Website (einschlie\u00dflich Ihrer <a href=\"https:\/\/www.ithelps.at\/16-ip-adresse\">IP-Adresse<\/a>) wird an einen <a href=\"https:\/\/www.ithelps.at\/10-server\">Server<\/a> von Google in den USA \u00fcbertragen und dort gespeichert. Google wird diese Informationen benutzen, um Ihre Nutzung der Website auszuwerten, um Reports \u00fcber die Websiteaktivit\u00e4ten f\u00fcr die Websitebetreiber zusammenzustellen und um weitere mit der Websitenutzung und der Internetnutzung verbundene Dienstleistungen zu erbringen. Auch wird Google diese Informationen gegebenenfalls an Dritte \u00fcbertragen, sofern dies gesetzlich vorgeschrieben oder soweit Dritte diese Daten im Auftrag von Google verarbeiten. Google wird in keinem Fall Ihre IP-Adresse mit anderen Daten von Google in Verbindung bringen. Sie k\u00f6nnen die Installation der Cookies durch eine entsprechende Einstellung Ihrer <a href=\"https:\/\/www.ithelps.at\/35-browser\">Browser<\/a> <a href=\"https:\/\/www.ithelps.at\/25-software\">Software<\/a> verhindern; wir weisen Sie jedoch darauf hin, dass Sie in diesem Fall gegebenenfalls nicht s\u00e4mtliche Funktionen dieser Website vollumf\u00e4nglich nutzen k\u00f6nnen.<\/p>\n\n\n\n<p>Durch die Nutzung dieser Website erkl\u00e4ren Sie sich mit der Bearbeitung der \u00fcber Sie erhobenen Daten durch Google in der zuvor beschriebenen Art und Weise und zu dem zuvor benannten Zweck einverstanden. Der Datenerhebung und -speicherung kann&nbsp;<a href=\"http:\/\/tools.google.com\/dlpage\/gaoptout?hl=de\" target=\"_blank\" rel=\"noreferrer noopener\">jederzeit mit Wirkung f\u00fcr die Zukunft widersprochen<\/a>&nbsp;werden. Angesichts der Diskussion um den Einsatz von Analysetools mit vollst\u00e4ndigen IP-Adressen m\u00f6chten wir darauf hinweisen, dass diese Website Google Analytics mit der Erweiterung \u201e_anonymizeIp()&#8221; verwendet und daher IP-Adressen nur gek\u00fcrzt weiterverarbeitet werden, um eine direkte Personenbeziehbarkeit auszuschlie\u00dfen.<\/p>\n\n\n\n<p><strong>&nbsp;Alle Preis in EUR zuz\u00fcgl. 20% MwSt.<\/strong><\/p>\n","protected":false},"excerpt":{"rendered":"<p>F\u00fcr diese Website verantwortlicher Herausgeber:Christian Bauer Meine KontaktdatenT r a i s e n s t r a \u00df e\u00a0 303 1 0 0 St. P \u00f6 l t e n\u00d6sterreich Telefon: +43 676 889 766 733E-Mail:\u00a0 christian.bauer@a1.ntInternet:\u00a0www.kleinladen.at Bildernachweis:www.pixabay.com Webdesign \/ Entwicklung:Christian Bauer Datenschutzerkl\u00e4rung (Nur bei Verwendung von Google Analytics Pflicht)Diese Website benutzt Google Analytics, &hellip; <a href=\"https:\/\/www.kleinladen.at\/?page_id=3\" class=\"more-link\">Continue reading <span class=\"screen-reader-text\">Impressum \/ Privacy Policy<\/span> <span class=\"meta-nav\">&rarr;<\/span><\/a><\/p>\n","protected":false},"author":1,"featured_media":0,"parent":0,"menu_order":0,"comment_status":"closed","ping_status":"open","template":"","meta":{"footnotes":""},"class_list":["post-3","page","type-page","status-publish","hentry"],"_links":{"self":[{"href":"https:\/\/www.kleinladen.at\/index.php?rest_route=\/wp\/v2\/pages\/3","targetHints":{"allow":["GET"]}}],"collection":[{"href":"https:\/\/www.kleinladen.at\/index.php?rest_route=\/wp\/v2\/pages"}],"about":[{"href":"https:\/\/www.kleinladen.at\/index.php?rest_route=\/wp\/v2\/types\/page"}],"author":[{"embeddable":true,"href":"https:\/\/www.kleinladen.at\/index.php?rest_route=\/wp\/v2\/users\/1"}],"replies":[{"embeddable":true,"href":"https:\/\/www.kleinladen.at\/index.php?rest_route=%2Fwp%2Fv2%2Fcomments&post=3"}],"version-history":[{"count":1,"href":"https:\/\/www.kleinladen.at\/index.php?rest_route=\/wp\/v2\/pages\/3\/revisions"}],"predecessor-version":[{"id":42,"href":"https:\/\/www.kleinladen.at\/index.php?rest_route=\/wp\/v2\/pages\/3\/revisions\/42"}],"wp:attachment":[{"href":"https:\/\/www.kleinladen.at\/index.php?rest_route=%2Fwp%2Fv2%2Fmedia&parent=3"}],"curies":[{"name":"wp","href":"https:\/\/api.w.org\/{rel}","templated":true}]}}